{"id":86,"date":"2018-03-06T09:46:16","date_gmt":"2018-03-06T07:46:16","guid":{"rendered":"https:\/\/vesikattopalvelu.fi\/kuusamo\/?page_id=86"},"modified":"2026-02-27T12:47:44","modified_gmt":"2026-02-27T10:47:44","slug":"yritys","status":"publish","type":"page","link":"https:\/\/vesikattopalvelu.fi\/kuusamo\/yritys\/","title":{"rendered":"Yritys"},"content":{"rendered":"<h2>Vesikattopalvelu Kuusamo<\/h2>\n<p>Vesikattopalvelu Kuusamo on Koillismaan johtavin kattoremontteihin, korjaus- ja uudisrakentamiseen, rakennuspeltit\u00f6ihin sek\u00e4 kattotarvikkeiden myyntiin erikoistunut yritys.<\/p>\n<p>Pitk\u00e4n kokemuksen omaava ammattitaitoinen henkil\u00f6kuntamme yhdess\u00e4 asiakkaan kanssa suunnittelee jokaiseen kohteeseen laadukkaista materiaaleista teknisesti ja my\u00f6skin taloudellisesti parhaan ratkaisun.<\/p>\n","protected":false},"excerpt":{"rendered":"<p>Vesikattopalvelu Kuusamo Vesikattopalvelu Kuusamo on Koillismaan johtavin kattoremontteihin, korjaus- ja uudisrakentamiseen, rakennuspeltit\u00f6ihin sek\u00e4 kattotarvikkeiden myyntiin erikoistunut yritys. Pitk\u00e4n kokemuksen omaava ammattitaitoinen henkil\u00f6kuntamme yhdess\u00e4 asiakkaan kanssa suunnittelee jokaiseen kohteeseen laadukkaista materiaaleista teknisesti ja my\u00f6skin taloudellisesti parhaan ratkaisun.<\/p>\n","protected":false},"author":1,"featured_media":0,"parent":0,"menu_order":1,"comment_status":"closed","ping_status":"closed","template":"","meta":{"_acf_changed":false,"inline_featured_image":false,"footnotes":""},"class_list":["post-86","page","type-page","status-publish","hentry"],"acf":[],"yoast_head":"<!-- This site is optimized with the Yoast SEO plugin v27.4 - https:\/\/yoast.com\/product\/yoast-seo-wordpress\/ -->\n<title>Yritys - Vesikattopalvelu Kuusamo<\/title>\n<meta name=\"robots\" content=\"index, follow, max-snippet:-1, max-image-preview:large, max-video-preview:-1\" \/>\n<link rel=\"canonical\" href=\"https:\/\/vesikattopalvelu.fi\/kuusamo\/yritys\/\" \/>\n<meta property=\"og:locale\" content=\"fi_FI\" \/>\n<meta property=\"og:type\" content=\"article\" \/>\n<meta property=\"og:title\" content=\"Yritys - Vesikattopalvelu Kuusamo\" \/>\n<meta property=\"og:description\" content=\"Vesikattopalvelu Kuusamo Vesikattopalvelu Kuusamo on Koillismaan johtavin kattoremontteihin, korjaus- ja uudisrakentamiseen, rakennuspeltit\u00f6ihin sek\u00e4 kattotarvikkeiden myyntiin erikoistunut yritys. Pitk\u00e4n kokemuksen omaava ammattitaitoinen henkil\u00f6kuntamme yhdess\u00e4 asiakkaan kanssa suunnittelee jokaiseen kohteeseen laadukkaista materiaaleista teknisesti ja my\u00f6skin taloudellisesti parhaan ratkaisun.\" \/>\n<meta property=\"og:url\" content=\"https:\/\/vesikattopalvelu.fi\/kuusamo\/yritys\/\" \/>\n<meta property=\"og:site_name\" content=\"Vesikattopalvelu Kuusamo\" \/>\n<meta property=\"article:modified_time\" content=\"2026-02-27T10:47:44+00:00\" \/>\n<meta property=\"og:image\" content=\"https:\/\/vesikattopalvelu.fi\/kuusamo\/wp-content\/uploads\/sites\/3\/2018\/03\/vesikattopalvelu-kuusamo-some.jpg\" \/>\n\t<meta property=\"og:image:width\" content=\"1200\" \/>\n\t<meta property=\"og:image:height\" content=\"630\" \/>\n\t<meta property=\"og:image:type\" content=\"image\/jpeg\" \/>\n<meta name=\"twitter:card\" content=\"summary_large_image\" \/>\n<meta name=\"twitter:label1\" content=\"Arvioitu lukuaika\" \/>\n\t<meta name=\"twitter:data1\" content=\"2 minuuttia\" \/>\n<script type=\"application\/ld+json\" class=\"yoast-schema-graph\">{\"@context\":\"https:\\\/\\\/schema.org\",\"@graph\":[{\"@type\":\"WebPage\",\"@id\":\"https:\\\/\\\/vesikattopalvelu.fi\\\/kuusamo\\\/yritys\\\/\",\"url\":\"https:\\\/\\\/vesikattopalvelu.fi\\\/kuusamo\\\/yritys\\\/\",\"name\":\"Yritys - Vesikattopalvelu Kuusamo\",\"isPartOf\":{\"@id\":\"https:\\\/\\\/vesikattopalvelu.fi\\\/kuusamo\\\/#website\"},\"datePublished\":\"2018-03-06T07:46:16+00:00\",\"dateModified\":\"2026-02-27T10:47:44+00:00\",\"breadcrumb\":{\"@id\":\"https:\\\/\\\/vesikattopalvelu.fi\\\/kuusamo\\\/yritys\\\/#breadcrumb\"},\"inLanguage\":\"fi\",\"potentialAction\":[{\"@type\":\"ReadAction\",\"target\":[\"https:\\\/\\\/vesikattopalvelu.fi\\\/kuusamo\\\/yritys\\\/\"]}]},{\"@type\":\"BreadcrumbList\",\"@id\":\"https:\\\/\\\/vesikattopalvelu.fi\\\/kuusamo\\\/yritys\\\/#breadcrumb\",\"itemListElement\":[{\"@type\":\"ListItem\",\"position\":1,\"name\":\"Home\",\"item\":\"https:\\\/\\\/vesikattopalvelu.fi\\\/kuusamo\\\/\"},{\"@type\":\"ListItem\",\"position\":2,\"name\":\"Yritys\"}]},{\"@type\":\"WebSite\",\"@id\":\"https:\\\/\\\/vesikattopalvelu.fi\\\/kuusamo\\\/#website\",\"url\":\"https:\\\/\\\/vesikattopalvelu.fi\\\/kuusamo\\\/\",\"name\":\"Vesikattopalvelu Kuusamo\",\"description\":\"\",\"publisher\":{\"@id\":\"https:\\\/\\\/vesikattopalvelu.fi\\\/kuusamo\\\/#organization\"},\"potentialAction\":[{\"@type\":\"SearchAction\",\"target\":{\"@type\":\"EntryPoint\",\"urlTemplate\":\"https:\\\/\\\/vesikattopalvelu.fi\\\/kuusamo\\\/?s={search_term_string}\"},\"query-input\":{\"@type\":\"PropertyValueSpecification\",\"valueRequired\":true,\"valueName\":\"search_term_string\"}}],\"inLanguage\":\"fi\"},{\"@type\":\"Organization\",\"@id\":\"https:\\\/\\\/vesikattopalvelu.fi\\\/kuusamo\\\/#organization\",\"name\":\"Vesikattopalvelu Kuusamo\",\"url\":\"https:\\\/\\\/vesikattopalvelu.fi\\\/kuusamo\\\/\",\"logo\":{\"@type\":\"ImageObject\",\"inLanguage\":\"fi\",\"@id\":\"https:\\\/\\\/vesikattopalvelu.fi\\\/kuusamo\\\/#\\\/schema\\\/logo\\\/image\\\/\",\"url\":\"https:\\\/\\\/vesikattopalvelu.fi\\\/kuusamo\\\/wp-content\\\/uploads\\\/sites\\\/3\\\/2018\\\/03\\\/vesikattopalvelu-kuusamo-logo.svg\",\"contentUrl\":\"https:\\\/\\\/vesikattopalvelu.fi\\\/kuusamo\\\/wp-content\\\/uploads\\\/sites\\\/3\\\/2018\\\/03\\\/vesikattopalvelu-kuusamo-logo.svg\",\"width\":1,\"height\":1,\"caption\":\"Vesikattopalvelu Kuusamo\"},\"image\":{\"@id\":\"https:\\\/\\\/vesikattopalvelu.fi\\\/kuusamo\\\/#\\\/schema\\\/logo\\\/image\\\/\"}}]}<\/script>\n<!-- \/ Yoast SEO plugin. -->","yoast_head_json":{"title":"Yritys - Vesikattopalvelu Kuusamo","robots":{"index":"index","follow":"follow","max-snippet":"max-snippet:-1","max-image-preview":"max-image-preview:large","max-video-preview":"max-video-preview:-1"},"canonical":"https:\/\/vesikattopalvelu.fi\/kuusamo\/yritys\/","og_locale":"fi_FI","og_type":"article","og_title":"Yritys - Vesikattopalvelu Kuusamo","og_description":"Vesikattopalvelu Kuusamo Vesikattopalvelu Kuusamo on Koillismaan johtavin kattoremontteihin, korjaus- ja uudisrakentamiseen, rakennuspeltit\u00f6ihin sek\u00e4 kattotarvikkeiden myyntiin erikoistunut yritys. Pitk\u00e4n kokemuksen omaava ammattitaitoinen henkil\u00f6kuntamme yhdess\u00e4 asiakkaan kanssa suunnittelee jokaiseen kohteeseen laadukkaista materiaaleista teknisesti ja my\u00f6skin taloudellisesti parhaan ratkaisun.","og_url":"https:\/\/vesikattopalvelu.fi\/kuusamo\/yritys\/","og_site_name":"Vesikattopalvelu Kuusamo","article_modified_time":"2026-02-27T10:47:44+00:00","og_image":[{"width":1200,"height":630,"url":"https:\/\/vesikattopalvelu.fi\/kuusamo\/wp-content\/uploads\/sites\/3\/2018\/03\/vesikattopalvelu-kuusamo-some.jpg","type":"image\/jpeg"}],"twitter_card":"summary_large_image","twitter_misc":{"Arvioitu lukuaika":"2 minuuttia"},"schema":{"@context":"https:\/\/schema.org","@graph":[{"@type":"WebPage","@id":"https:\/\/vesikattopalvelu.fi\/kuusamo\/yritys\/","url":"https:\/\/vesikattopalvelu.fi\/kuusamo\/yritys\/","name":"Yritys - Vesikattopalvelu Kuusamo","isPartOf":{"@id":"https:\/\/vesikattopalvelu.fi\/kuusamo\/#website"},"datePublished":"2018-03-06T07:46:16+00:00","dateModified":"2026-02-27T10:47:44+00:00","breadcrumb":{"@id":"https:\/\/vesikattopalvelu.fi\/kuusamo\/yritys\/#breadcrumb"},"inLanguage":"fi","potentialAction":[{"@type":"ReadAction","target":["https:\/\/vesikattopalvelu.fi\/kuusamo\/yritys\/"]}]},{"@type":"BreadcrumbList","@id":"https:\/\/vesikattopalvelu.fi\/kuusamo\/yritys\/#breadcrumb","itemListElement":[{"@type":"ListItem","position":1,"name":"Home","item":"https:\/\/vesikattopalvelu.fi\/kuusamo\/"},{"@type":"ListItem","position":2,"name":"Yritys"}]},{"@type":"WebSite","@id":"https:\/\/vesikattopalvelu.fi\/kuusamo\/#website","url":"https:\/\/vesikattopalvelu.fi\/kuusamo\/","name":"Vesikattopalvelu Kuusamo","description":"","publisher":{"@id":"https:\/\/vesikattopalvelu.fi\/kuusamo\/#organization"},"potentialAction":[{"@type":"SearchAction","target":{"@type":"EntryPoint","urlTemplate":"https:\/\/vesikattopalvelu.fi\/kuusamo\/?s={search_term_string}"},"query-input":{"@type":"PropertyValueSpecification","valueRequired":true,"valueName":"search_term_string"}}],"inLanguage":"fi"},{"@type":"Organization","@id":"https:\/\/vesikattopalvelu.fi\/kuusamo\/#organization","name":"Vesikattopalvelu Kuusamo","url":"https:\/\/vesikattopalvelu.fi\/kuusamo\/","logo":{"@type":"ImageObject","inLanguage":"fi","@id":"https:\/\/vesikattopalvelu.fi\/kuusamo\/#\/schema\/logo\/image\/","url":"https:\/\/vesikattopalvelu.fi\/kuusamo\/wp-content\/uploads\/sites\/3\/2018\/03\/vesikattopalvelu-kuusamo-logo.svg","contentUrl":"https:\/\/vesikattopalvelu.fi\/kuusamo\/wp-content\/uploads\/sites\/3\/2018\/03\/vesikattopalvelu-kuusamo-logo.svg","width":1,"height":1,"caption":"Vesikattopalvelu Kuusamo"},"image":{"@id":"https:\/\/vesikattopalvelu.fi\/kuusamo\/#\/schema\/logo\/image\/"}}]}},"_links":{"self":[{"href":"https:\/\/vesikattopalvelu.fi\/kuusamo\/wp-json\/wp\/v2\/pages\/86","targetHints":{"allow":["GET"]}}],"collection":[{"href":"https:\/\/vesikattopalvelu.fi\/kuusamo\/wp-json\/wp\/v2\/pages"}],"about":[{"href":"https:\/\/vesikattopalvelu.fi\/kuusamo\/wp-json\/wp\/v2\/types\/page"}],"author":[{"embeddable":true,"href":"https:\/\/vesikattopalvelu.fi\/kuusamo\/wp-json\/wp\/v2\/users\/1"}],"replies":[{"embeddable":true,"href":"https:\/\/vesikattopalvelu.fi\/kuusamo\/wp-json\/wp\/v2\/comments?post=86"}],"version-history":[{"count":15,"href":"https:\/\/vesikattopalvelu.fi\/kuusamo\/wp-json\/wp\/v2\/pages\/86\/revisions"}],"predecessor-version":[{"id":400,"href":"https:\/\/vesikattopalvelu.fi\/kuusamo\/wp-json\/wp\/v2\/pages\/86\/revisions\/400"}],"wp:attachment":[{"href":"https:\/\/vesikattopalvelu.fi\/kuusamo\/wp-json\/wp\/v2\/media?parent=86"}],"curies":[{"name":"wp","href":"https:\/\/api.w.org\/{rel}","templated":true}]}}