{"id":357,"date":"2018-05-07T13:51:28","date_gmt":"2018-05-07T10:51:28","guid":{"rendered":"https:\/\/vesikattopalvelu.fi\/kajaani\/?page_id=357"},"modified":"2024-09-09T09:51:38","modified_gmt":"2024-09-09T06:51:38","slug":"kattoremontit","status":"publish","type":"page","link":"https:\/\/vesikattopalvelu.fi\/kajaani\/palvelut\/kattoremontit\/","title":{"rendered":"Kattoremontit"},"content":{"rendered":"<h2>Suunnitteletko kattoremonttia? Ota yhteytt\u00e4!<\/h2>\n<p>Tied\u00e4tk\u00f6 miss\u00e4 kunnossa kattosi todellisuudessa on? Tulemme mielell\u00e4mme tarkastamaan kattosi kunnon ja tekem\u00e4\u00e4n siit\u00e4 arvion. Korkealaatuiset rakennustarvikkeet ja ammattitaitoiset asentajamme tekev\u00e4t katostasi kest\u00e4v\u00e4n vuosikymmeniksi. Ota yhteytt\u00e4!<\/p>\n<p><a href=\"https:\/\/vesikattopalvelu.fi\/kajaani\/wp-content\/uploads\/sites\/2\/2024\/09\/toimialojen-yhteisesite-paivitys-04-2024-web.pdf\" target=\"_blank\" rel=\"noopener noreferrer\">Katso Vesikattopalvelun esite t\u00e4\u00e4lt\u00e4!<\/a><\/p>\n","protected":false},"excerpt":{"rendered":"<p>Suunnitteletko kattoremonttia? Ota yhteytt\u00e4! Tied\u00e4tk\u00f6 miss\u00e4 kunnossa kattosi todellisuudessa on? Tulemme mielell\u00e4mme tarkastamaan kattosi kunnon ja tekem\u00e4\u00e4n siit\u00e4 arvion. Korkealaatuiset rakennustarvikkeet ja ammattitaitoiset asentajamme tekev\u00e4t katostasi kest\u00e4v\u00e4n vuosikymmeniksi. Ota yhteytt\u00e4! Katso Vesikattopalvelun esite t\u00e4\u00e4lt\u00e4!<\/p>\n","protected":false},"author":1,"featured_media":0,"parent":34,"menu_order":1,"comment_status":"closed","ping_status":"closed","template":"","meta":{"_acf_changed":false,"inline_featured_image":false,"footnotes":""},"class_list":["post-357","page","type-page","status-publish","hentry"],"acf":[],"yoast_head":"<!-- This site is optimized with the Yoast SEO plugin v27.4 - https:\/\/yoast.com\/product\/yoast-seo-wordpress\/ -->\n<title>Kattoremontit - Vesikattopalvelu Kajaani<\/title>\n<meta name=\"robots\" content=\"index, follow, max-snippet:-1, max-image-preview:large, max-video-preview:-1\" \/>\n<link rel=\"canonical\" href=\"https:\/\/vesikattopalvelu.fi\/kajaani\/palvelut\/kattoremontit\/\" \/>\n<meta property=\"og:locale\" content=\"fi_FI\" \/>\n<meta property=\"og:type\" content=\"article\" \/>\n<meta property=\"og:title\" content=\"Kattoremontit - Vesikattopalvelu Kajaani\" \/>\n<meta property=\"og:description\" content=\"Suunnitteletko kattoremonttia? Ota yhteytt\u00e4! Tied\u00e4tk\u00f6 miss\u00e4 kunnossa kattosi todellisuudessa on? Tulemme mielell\u00e4mme tarkastamaan kattosi kunnon ja tekem\u00e4\u00e4n siit\u00e4 arvion. Korkealaatuiset rakennustarvikkeet ja ammattitaitoiset asentajamme tekev\u00e4t katostasi kest\u00e4v\u00e4n vuosikymmeniksi. Ota yhteytt\u00e4! Katso Vesikattopalvelun esite t\u00e4\u00e4lt\u00e4!\" \/>\n<meta property=\"og:url\" content=\"https:\/\/vesikattopalvelu.fi\/kajaani\/palvelut\/kattoremontit\/\" \/>\n<meta property=\"og:site_name\" content=\"Vesikattopalvelu Kajaani\" \/>\n<meta property=\"article:modified_time\" content=\"2024-09-09T06:51:38+00:00\" \/>\n<meta property=\"og:image\" content=\"https:\/\/vesikattopalvelu.fi\/kajaani\/wp-content\/uploads\/sites\/2\/2018\/03\/vesikattopalvelu-kajaani-some.jpg\" \/>\n\t<meta property=\"og:image:width\" content=\"1200\" \/>\n\t<meta property=\"og:image:height\" content=\"630\" \/>\n\t<meta property=\"og:image:type\" content=\"image\/jpeg\" \/>\n<meta name=\"twitter:card\" content=\"summary_large_image\" \/>\n<meta name=\"twitter:label1\" content=\"Arvioitu lukuaika\" \/>\n\t<meta name=\"twitter:data1\" content=\"2 minuuttia\" \/>\n<script type=\"application\/ld+json\" class=\"yoast-schema-graph\">{\"@context\":\"https:\\\/\\\/schema.org\",\"@graph\":[{\"@type\":\"WebPage\",\"@id\":\"https:\\\/\\\/vesikattopalvelu.fi\\\/kajaani\\\/palvelut\\\/kattoremontit\\\/\",\"url\":\"https:\\\/\\\/vesikattopalvelu.fi\\\/kajaani\\\/palvelut\\\/kattoremontit\\\/\",\"name\":\"Kattoremontit - Vesikattopalvelu Kajaani\",\"isPartOf\":{\"@id\":\"https:\\\/\\\/vesikattopalvelu.fi\\\/kajaani\\\/#website\"},\"datePublished\":\"2018-05-07T10:51:28+00:00\",\"dateModified\":\"2024-09-09T06:51:38+00:00\",\"breadcrumb\":{\"@id\":\"https:\\\/\\\/vesikattopalvelu.fi\\\/kajaani\\\/palvelut\\\/kattoremontit\\\/#breadcrumb\"},\"inLanguage\":\"fi\",\"potentialAction\":[{\"@type\":\"ReadAction\",\"target\":[\"https:\\\/\\\/vesikattopalvelu.fi\\\/kajaani\\\/palvelut\\\/kattoremontit\\\/\"]}]},{\"@type\":\"BreadcrumbList\",\"@id\":\"https:\\\/\\\/vesikattopalvelu.fi\\\/kajaani\\\/palvelut\\\/kattoremontit\\\/#breadcrumb\",\"itemListElement\":[{\"@type\":\"ListItem\",\"position\":1,\"name\":\"Home\",\"item\":\"https:\\\/\\\/vesikattopalvelu.fi\\\/kajaani\\\/\"},{\"@type\":\"ListItem\",\"position\":2,\"name\":\"Palvelut\",\"item\":\"https:\\\/\\\/vesikattopalvelu.fi\\\/kajaani\\\/palvelut\\\/\"},{\"@type\":\"ListItem\",\"position\":3,\"name\":\"Kattoremontit\"}]},{\"@type\":\"WebSite\",\"@id\":\"https:\\\/\\\/vesikattopalvelu.fi\\\/kajaani\\\/#website\",\"url\":\"https:\\\/\\\/vesikattopalvelu.fi\\\/kajaani\\\/\",\"name\":\"Vesikattopalvelu Kajaani\",\"description\":\"\",\"publisher\":{\"@id\":\"https:\\\/\\\/vesikattopalvelu.fi\\\/kajaani\\\/#organization\"},\"potentialAction\":[{\"@type\":\"SearchAction\",\"target\":{\"@type\":\"EntryPoint\",\"urlTemplate\":\"https:\\\/\\\/vesikattopalvelu.fi\\\/kajaani\\\/?s={search_term_string}\"},\"query-input\":{\"@type\":\"PropertyValueSpecification\",\"valueRequired\":true,\"valueName\":\"search_term_string\"}}],\"inLanguage\":\"fi\"},{\"@type\":\"Organization\",\"@id\":\"https:\\\/\\\/vesikattopalvelu.fi\\\/kajaani\\\/#organization\",\"name\":\"Vesikattopalvelu Kajaani\",\"url\":\"https:\\\/\\\/vesikattopalvelu.fi\\\/kajaani\\\/\",\"logo\":{\"@type\":\"ImageObject\",\"inLanguage\":\"fi\",\"@id\":\"https:\\\/\\\/vesikattopalvelu.fi\\\/kajaani\\\/#\\\/schema\\\/logo\\\/image\\\/\",\"url\":\"https:\\\/\\\/vesikattopalvelu.fi\\\/kajaani\\\/wp-content\\\/uploads\\\/sites\\\/2\\\/2018\\\/02\\\/vesikattopalvelu-kajaani-logo.svg\",\"contentUrl\":\"https:\\\/\\\/vesikattopalvelu.fi\\\/kajaani\\\/wp-content\\\/uploads\\\/sites\\\/2\\\/2018\\\/02\\\/vesikattopalvelu-kajaani-logo.svg\",\"width\":1,\"height\":1,\"caption\":\"Vesikattopalvelu Kajaani\"},\"image\":{\"@id\":\"https:\\\/\\\/vesikattopalvelu.fi\\\/kajaani\\\/#\\\/schema\\\/logo\\\/image\\\/\"}}]}<\/script>\n<!-- \/ Yoast SEO plugin. -->","yoast_head_json":{"title":"Kattoremontit - Vesikattopalvelu Kajaani","robots":{"index":"index","follow":"follow","max-snippet":"max-snippet:-1","max-image-preview":"max-image-preview:large","max-video-preview":"max-video-preview:-1"},"canonical":"https:\/\/vesikattopalvelu.fi\/kajaani\/palvelut\/kattoremontit\/","og_locale":"fi_FI","og_type":"article","og_title":"Kattoremontit - Vesikattopalvelu Kajaani","og_description":"Suunnitteletko kattoremonttia? Ota yhteytt\u00e4! Tied\u00e4tk\u00f6 miss\u00e4 kunnossa kattosi todellisuudessa on? Tulemme mielell\u00e4mme tarkastamaan kattosi kunnon ja tekem\u00e4\u00e4n siit\u00e4 arvion. Korkealaatuiset rakennustarvikkeet ja ammattitaitoiset asentajamme tekev\u00e4t katostasi kest\u00e4v\u00e4n vuosikymmeniksi. Ota yhteytt\u00e4! Katso Vesikattopalvelun esite t\u00e4\u00e4lt\u00e4!","og_url":"https:\/\/vesikattopalvelu.fi\/kajaani\/palvelut\/kattoremontit\/","og_site_name":"Vesikattopalvelu Kajaani","article_modified_time":"2024-09-09T06:51:38+00:00","og_image":[{"width":1200,"height":630,"url":"https:\/\/vesikattopalvelu.fi\/kajaani\/wp-content\/uploads\/sites\/2\/2018\/03\/vesikattopalvelu-kajaani-some.jpg","type":"image\/jpeg"}],"twitter_card":"summary_large_image","twitter_misc":{"Arvioitu lukuaika":"2 minuuttia"},"schema":{"@context":"https:\/\/schema.org","@graph":[{"@type":"WebPage","@id":"https:\/\/vesikattopalvelu.fi\/kajaani\/palvelut\/kattoremontit\/","url":"https:\/\/vesikattopalvelu.fi\/kajaani\/palvelut\/kattoremontit\/","name":"Kattoremontit - Vesikattopalvelu Kajaani","isPartOf":{"@id":"https:\/\/vesikattopalvelu.fi\/kajaani\/#website"},"datePublished":"2018-05-07T10:51:28+00:00","dateModified":"2024-09-09T06:51:38+00:00","breadcrumb":{"@id":"https:\/\/vesikattopalvelu.fi\/kajaani\/palvelut\/kattoremontit\/#breadcrumb"},"inLanguage":"fi","potentialAction":[{"@type":"ReadAction","target":["https:\/\/vesikattopalvelu.fi\/kajaani\/palvelut\/kattoremontit\/"]}]},{"@type":"BreadcrumbList","@id":"https:\/\/vesikattopalvelu.fi\/kajaani\/palvelut\/kattoremontit\/#breadcrumb","itemListElement":[{"@type":"ListItem","position":1,"name":"Home","item":"https:\/\/vesikattopalvelu.fi\/kajaani\/"},{"@type":"ListItem","position":2,"name":"Palvelut","item":"https:\/\/vesikattopalvelu.fi\/kajaani\/palvelut\/"},{"@type":"ListItem","position":3,"name":"Kattoremontit"}]},{"@type":"WebSite","@id":"https:\/\/vesikattopalvelu.fi\/kajaani\/#website","url":"https:\/\/vesikattopalvelu.fi\/kajaani\/","name":"Vesikattopalvelu Kajaani","description":"","publisher":{"@id":"https:\/\/vesikattopalvelu.fi\/kajaani\/#organization"},"potentialAction":[{"@type":"SearchAction","target":{"@type":"EntryPoint","urlTemplate":"https:\/\/vesikattopalvelu.fi\/kajaani\/?s={search_term_string}"},"query-input":{"@type":"PropertyValueSpecification","valueRequired":true,"valueName":"search_term_string"}}],"inLanguage":"fi"},{"@type":"Organization","@id":"https:\/\/vesikattopalvelu.fi\/kajaani\/#organization","name":"Vesikattopalvelu Kajaani","url":"https:\/\/vesikattopalvelu.fi\/kajaani\/","logo":{"@type":"ImageObject","inLanguage":"fi","@id":"https:\/\/vesikattopalvelu.fi\/kajaani\/#\/schema\/logo\/image\/","url":"https:\/\/vesikattopalvelu.fi\/kajaani\/wp-content\/uploads\/sites\/2\/2018\/02\/vesikattopalvelu-kajaani-logo.svg","contentUrl":"https:\/\/vesikattopalvelu.fi\/kajaani\/wp-content\/uploads\/sites\/2\/2018\/02\/vesikattopalvelu-kajaani-logo.svg","width":1,"height":1,"caption":"Vesikattopalvelu Kajaani"},"image":{"@id":"https:\/\/vesikattopalvelu.fi\/kajaani\/#\/schema\/logo\/image\/"}}]}},"_links":{"self":[{"href":"https:\/\/vesikattopalvelu.fi\/kajaani\/wp-json\/wp\/v2\/pages\/357","targetHints":{"allow":["GET"]}}],"collection":[{"href":"https:\/\/vesikattopalvelu.fi\/kajaani\/wp-json\/wp\/v2\/pages"}],"about":[{"href":"https:\/\/vesikattopalvelu.fi\/kajaani\/wp-json\/wp\/v2\/types\/page"}],"author":[{"embeddable":true,"href":"https:\/\/vesikattopalvelu.fi\/kajaani\/wp-json\/wp\/v2\/users\/1"}],"replies":[{"embeddable":true,"href":"https:\/\/vesikattopalvelu.fi\/kajaani\/wp-json\/wp\/v2\/comments?post=357"}],"version-history":[{"count":17,"href":"https:\/\/vesikattopalvelu.fi\/kajaani\/wp-json\/wp\/v2\/pages\/357\/revisions"}],"predecessor-version":[{"id":1085,"href":"https:\/\/vesikattopalvelu.fi\/kajaani\/wp-json\/wp\/v2\/pages\/357\/revisions\/1085"}],"up":[{"embeddable":true,"href":"https:\/\/vesikattopalvelu.fi\/kajaani\/wp-json\/wp\/v2\/pages\/34"}],"wp:attachment":[{"href":"https:\/\/vesikattopalvelu.fi\/kajaani\/wp-json\/wp\/v2\/media?parent=357"}],"curies":[{"name":"wp","href":"https:\/\/api.w.org\/{rel}","templated":true}]}}