{"id":2,"date":"2018-02-06T09:33:00","date_gmt":"2018-02-06T07:33:00","guid":{"rendered":"https:\/\/vesikattopalvelu.fi\/kajaani\/?page_id=2"},"modified":"2025-11-18T17:06:02","modified_gmt":"2025-11-18T15:06:02","slug":"palvelevaa-kattourakointia","status":"publish","type":"page","link":"https:\/\/vesikattopalvelu.fi\/kajaani\/","title":{"rendered":"Palvelevaa kattourakointia"},"content":{"rendered":"<p style=\"text-align: center\">L\u00e4het\u00e4 yhteydenottopyynt\u00f6<br \/>\n<a href=\"https:\/\/vesikattopalvelu.fi\/kajaani\/yhteystiedot\/\"><img loading=\"lazy\" decoding=\"async\" class=\"aligncenter size-full wp-image-825\" src=\"https:\/\/vesikattopalvelu.fi\/kajaani\/wp-content\/uploads\/sites\/2\/2022\/08\/tarjoupyynto_nappi.jpg\" alt=\"\" width=\"548\" height=\"100\" srcset=\"https:\/\/vesikattopalvelu.fi\/kajaani\/wp-content\/uploads\/sites\/2\/2022\/08\/tarjoupyynto_nappi.jpg 548w, https:\/\/vesikattopalvelu.fi\/kajaani\/wp-content\/uploads\/sites\/2\/2022\/08\/tarjoupyynto_nappi-300x55.jpg 300w\" sizes=\"auto, (max-width: 548px) 100vw, 548px\" \/><\/a><\/p>\n<h2 style=\"text-align: center\">Palvelevaa urakointia,<br \/>\nvalmistusta ja huoltoa<\/h2>\n<p class=\"ingress no-margin\" style=\"text-align: center\">Tervetuloa tutustumaan laajaan katto- ja rakennuspalveluidemme valikoimaan.<br \/>\nOlipa kyseess\u00e4 vaativa tai tavanomainen kohde, lis\u00e4tietoa soveltuvista palveluista saat meilt\u00e4.<\/p>\n","protected":false},"excerpt":{"rendered":"<p>L\u00e4het\u00e4 yhteydenottopyynt\u00f6 Palvelevaa urakointia, valmistusta ja huoltoa Tervetuloa tutustumaan laajaan katto- ja rakennuspalveluidemme valikoimaan. Olipa kyseess\u00e4 vaativa tai tavanomainen kohde, lis\u00e4tietoa soveltuvista palveluista saat meilt\u00e4.<\/p>\n","protected":false},"author":1,"featured_media":0,"parent":0,"menu_order":0,"comment_status":"closed","ping_status":"closed","template":"","meta":{"_acf_changed":false,"inline_featured_image":false,"footnotes":""},"class_list":["post-2","page","type-page","status-publish","hentry"],"acf":[],"yoast_head":"<!-- This site is optimized with the Yoast SEO plugin v27.4 - https:\/\/yoast.com\/product\/yoast-seo-wordpress\/ -->\n<title>Palvelevaa kattourakointia - Vesikattopalvelu Kajaani<\/title>\n<meta name=\"description\" content=\"Palvelevaa kattourakointia vuodesta 1999. Vesikattopalvelu Kajaanin kautta saat ammattimaisesti toteutetut kattourakoinnit sek\u00e4 kattohuollot.\" \/>\n<meta name=\"robots\" content=\"index, follow, max-snippet:-1, max-image-preview:large, max-video-preview:-1\" \/>\n<link rel=\"canonical\" href=\"https:\/\/vesikattopalvelu.fi\/kajaani\/\" \/>\n<meta property=\"og:locale\" content=\"fi_FI\" \/>\n<meta property=\"og:type\" content=\"article\" \/>\n<meta property=\"og:title\" content=\"Vesikattopalvelu Kajaani\" \/>\n<meta property=\"og:description\" content=\"Palvelevaa kattourakointia vuodesta 1999. Vesikattopalvelu Kajaanin kautta saat ammattimaisesti toteutetut kattourakoinnit sek\u00e4 kattohuollot.\" \/>\n<meta property=\"og:url\" content=\"https:\/\/vesikattopalvelu.fi\/kajaani\/\" \/>\n<meta property=\"og:site_name\" content=\"Vesikattopalvelu Kajaani\" \/>\n<meta property=\"article:modified_time\" content=\"2025-11-18T15:06:02+00:00\" \/>\n<meta property=\"og:image\" content=\"https:\/\/vesikattopalvelu.fi\/kajaani\/wp-content\/uploads\/sites\/2\/2018\/03\/vesikattopalvelu-kajaani-some.jpg\" \/>\n\t<meta property=\"og:image:width\" content=\"1200\" \/>\n\t<meta property=\"og:image:height\" content=\"630\" \/>\n\t<meta property=\"og:image:type\" content=\"image\/jpeg\" \/>\n<meta name=\"twitter:card\" content=\"summary_large_image\" \/>\n<meta name=\"twitter:label1\" content=\"Arvioitu lukuaika\" \/>\n\t<meta name=\"twitter:data1\" content=\"3 minuuttia\" \/>\n<script type=\"application\/ld+json\" class=\"yoast-schema-graph\">{\"@context\":\"https:\\\/\\\/schema.org\",\"@graph\":[{\"@type\":\"WebPage\",\"@id\":\"https:\\\/\\\/vesikattopalvelu.fi\\\/kajaani\\\/\",\"url\":\"https:\\\/\\\/vesikattopalvelu.fi\\\/kajaani\\\/\",\"name\":\"Palvelevaa kattourakointia - Vesikattopalvelu Kajaani\",\"isPartOf\":{\"@id\":\"https:\\\/\\\/vesikattopalvelu.fi\\\/kajaani\\\/#website\"},\"primaryImageOfPage\":{\"@id\":\"https:\\\/\\\/vesikattopalvelu.fi\\\/kajaani\\\/#primaryimage\"},\"image\":{\"@id\":\"https:\\\/\\\/vesikattopalvelu.fi\\\/kajaani\\\/#primaryimage\"},\"thumbnailUrl\":\"https:\\\/\\\/vesikattopalvelu.fi\\\/kajaani\\\/wp-content\\\/uploads\\\/sites\\\/2\\\/2022\\\/08\\\/tarjoupyynto_nappi.jpg\",\"datePublished\":\"2018-02-06T07:33:00+00:00\",\"dateModified\":\"2025-11-18T15:06:02+00:00\",\"description\":\"Palvelevaa kattourakointia vuodesta 1999. Vesikattopalvelu Kajaanin kautta saat ammattimaisesti toteutetut kattourakoinnit sek\u00e4 kattohuollot.\",\"breadcrumb\":{\"@id\":\"https:\\\/\\\/vesikattopalvelu.fi\\\/kajaani\\\/#breadcrumb\"},\"inLanguage\":\"fi\",\"potentialAction\":[{\"@type\":\"ReadAction\",\"target\":[\"https:\\\/\\\/vesikattopalvelu.fi\\\/kajaani\\\/\"]}]},{\"@type\":\"ImageObject\",\"inLanguage\":\"fi\",\"@id\":\"https:\\\/\\\/vesikattopalvelu.fi\\\/kajaani\\\/#primaryimage\",\"url\":\"https:\\\/\\\/vesikattopalvelu.fi\\\/kajaani\\\/wp-content\\\/uploads\\\/sites\\\/2\\\/2022\\\/08\\\/tarjoupyynto_nappi.jpg\",\"contentUrl\":\"https:\\\/\\\/vesikattopalvelu.fi\\\/kajaani\\\/wp-content\\\/uploads\\\/sites\\\/2\\\/2022\\\/08\\\/tarjoupyynto_nappi.jpg\",\"width\":548,\"height\":100},{\"@type\":\"BreadcrumbList\",\"@id\":\"https:\\\/\\\/vesikattopalvelu.fi\\\/kajaani\\\/#breadcrumb\",\"itemListElement\":[{\"@type\":\"ListItem\",\"position\":1,\"name\":\"Home\",\"item\":\"https:\\\/\\\/vesikattopalvelu.fi\\\/kajaani\\\/\"},{\"@type\":\"ListItem\",\"position\":2,\"name\":\"Palvelevaa kattourakointia\"}]},{\"@type\":\"WebSite\",\"@id\":\"https:\\\/\\\/vesikattopalvelu.fi\\\/kajaani\\\/#website\",\"url\":\"https:\\\/\\\/vesikattopalvelu.fi\\\/kajaani\\\/\",\"name\":\"Vesikattopalvelu Kajaani\",\"description\":\"\",\"publisher\":{\"@id\":\"https:\\\/\\\/vesikattopalvelu.fi\\\/kajaani\\\/#organization\"},\"potentialAction\":[{\"@type\":\"SearchAction\",\"target\":{\"@type\":\"EntryPoint\",\"urlTemplate\":\"https:\\\/\\\/vesikattopalvelu.fi\\\/kajaani\\\/?s={search_term_string}\"},\"query-input\":{\"@type\":\"PropertyValueSpecification\",\"valueRequired\":true,\"valueName\":\"search_term_string\"}}],\"inLanguage\":\"fi\"},{\"@type\":\"Organization\",\"@id\":\"https:\\\/\\\/vesikattopalvelu.fi\\\/kajaani\\\/#organization\",\"name\":\"Vesikattopalvelu Kajaani\",\"url\":\"https:\\\/\\\/vesikattopalvelu.fi\\\/kajaani\\\/\",\"logo\":{\"@type\":\"ImageObject\",\"inLanguage\":\"fi\",\"@id\":\"https:\\\/\\\/vesikattopalvelu.fi\\\/kajaani\\\/#\\\/schema\\\/logo\\\/image\\\/\",\"url\":\"https:\\\/\\\/vesikattopalvelu.fi\\\/kajaani\\\/wp-content\\\/uploads\\\/sites\\\/2\\\/2018\\\/02\\\/vesikattopalvelu-kajaani-logo.svg\",\"contentUrl\":\"https:\\\/\\\/vesikattopalvelu.fi\\\/kajaani\\\/wp-content\\\/uploads\\\/sites\\\/2\\\/2018\\\/02\\\/vesikattopalvelu-kajaani-logo.svg\",\"width\":1,\"height\":1,\"caption\":\"Vesikattopalvelu Kajaani\"},\"image\":{\"@id\":\"https:\\\/\\\/vesikattopalvelu.fi\\\/kajaani\\\/#\\\/schema\\\/logo\\\/image\\\/\"}}]}<\/script>\n<!-- \/ Yoast SEO plugin. -->","yoast_head_json":{"title":"Palvelevaa kattourakointia - Vesikattopalvelu Kajaani","description":"Palvelevaa kattourakointia vuodesta 1999. Vesikattopalvelu Kajaanin kautta saat ammattimaisesti toteutetut kattourakoinnit sek\u00e4 kattohuollot.","robots":{"index":"index","follow":"follow","max-snippet":"max-snippet:-1","max-image-preview":"max-image-preview:large","max-video-preview":"max-video-preview:-1"},"canonical":"https:\/\/vesikattopalvelu.fi\/kajaani\/","og_locale":"fi_FI","og_type":"article","og_title":"Vesikattopalvelu Kajaani","og_description":"Palvelevaa kattourakointia vuodesta 1999. Vesikattopalvelu Kajaanin kautta saat ammattimaisesti toteutetut kattourakoinnit sek\u00e4 kattohuollot.","og_url":"https:\/\/vesikattopalvelu.fi\/kajaani\/","og_site_name":"Vesikattopalvelu Kajaani","article_modified_time":"2025-11-18T15:06:02+00:00","og_image":[{"width":1200,"height":630,"url":"https:\/\/vesikattopalvelu.fi\/kajaani\/wp-content\/uploads\/sites\/2\/2018\/03\/vesikattopalvelu-kajaani-some.jpg","type":"image\/jpeg"}],"twitter_card":"summary_large_image","twitter_misc":{"Arvioitu lukuaika":"3 minuuttia"},"schema":{"@context":"https:\/\/schema.org","@graph":[{"@type":"WebPage","@id":"https:\/\/vesikattopalvelu.fi\/kajaani\/","url":"https:\/\/vesikattopalvelu.fi\/kajaani\/","name":"Palvelevaa kattourakointia - Vesikattopalvelu Kajaani","isPartOf":{"@id":"https:\/\/vesikattopalvelu.fi\/kajaani\/#website"},"primaryImageOfPage":{"@id":"https:\/\/vesikattopalvelu.fi\/kajaani\/#primaryimage"},"image":{"@id":"https:\/\/vesikattopalvelu.fi\/kajaani\/#primaryimage"},"thumbnailUrl":"https:\/\/vesikattopalvelu.fi\/kajaani\/wp-content\/uploads\/sites\/2\/2022\/08\/tarjoupyynto_nappi.jpg","datePublished":"2018-02-06T07:33:00+00:00","dateModified":"2025-11-18T15:06:02+00:00","description":"Palvelevaa kattourakointia vuodesta 1999. Vesikattopalvelu Kajaanin kautta saat ammattimaisesti toteutetut kattourakoinnit sek\u00e4 kattohuollot.","breadcrumb":{"@id":"https:\/\/vesikattopalvelu.fi\/kajaani\/#breadcrumb"},"inLanguage":"fi","potentialAction":[{"@type":"ReadAction","target":["https:\/\/vesikattopalvelu.fi\/kajaani\/"]}]},{"@type":"ImageObject","inLanguage":"fi","@id":"https:\/\/vesikattopalvelu.fi\/kajaani\/#primaryimage","url":"https:\/\/vesikattopalvelu.fi\/kajaani\/wp-content\/uploads\/sites\/2\/2022\/08\/tarjoupyynto_nappi.jpg","contentUrl":"https:\/\/vesikattopalvelu.fi\/kajaani\/wp-content\/uploads\/sites\/2\/2022\/08\/tarjoupyynto_nappi.jpg","width":548,"height":100},{"@type":"BreadcrumbList","@id":"https:\/\/vesikattopalvelu.fi\/kajaani\/#breadcrumb","itemListElement":[{"@type":"ListItem","position":1,"name":"Home","item":"https:\/\/vesikattopalvelu.fi\/kajaani\/"},{"@type":"ListItem","position":2,"name":"Palvelevaa kattourakointia"}]},{"@type":"WebSite","@id":"https:\/\/vesikattopalvelu.fi\/kajaani\/#website","url":"https:\/\/vesikattopalvelu.fi\/kajaani\/","name":"Vesikattopalvelu Kajaani","description":"","publisher":{"@id":"https:\/\/vesikattopalvelu.fi\/kajaani\/#organization"},"potentialAction":[{"@type":"SearchAction","target":{"@type":"EntryPoint","urlTemplate":"https:\/\/vesikattopalvelu.fi\/kajaani\/?s={search_term_string}"},"query-input":{"@type":"PropertyValueSpecification","valueRequired":true,"valueName":"search_term_string"}}],"inLanguage":"fi"},{"@type":"Organization","@id":"https:\/\/vesikattopalvelu.fi\/kajaani\/#organization","name":"Vesikattopalvelu Kajaani","url":"https:\/\/vesikattopalvelu.fi\/kajaani\/","logo":{"@type":"ImageObject","inLanguage":"fi","@id":"https:\/\/vesikattopalvelu.fi\/kajaani\/#\/schema\/logo\/image\/","url":"https:\/\/vesikattopalvelu.fi\/kajaani\/wp-content\/uploads\/sites\/2\/2018\/02\/vesikattopalvelu-kajaani-logo.svg","contentUrl":"https:\/\/vesikattopalvelu.fi\/kajaani\/wp-content\/uploads\/sites\/2\/2018\/02\/vesikattopalvelu-kajaani-logo.svg","width":1,"height":1,"caption":"Vesikattopalvelu Kajaani"},"image":{"@id":"https:\/\/vesikattopalvelu.fi\/kajaani\/#\/schema\/logo\/image\/"}}]}},"_links":{"self":[{"href":"https:\/\/vesikattopalvelu.fi\/kajaani\/wp-json\/wp\/v2\/pages\/2","targetHints":{"allow":["GET"]}}],"collection":[{"href":"https:\/\/vesikattopalvelu.fi\/kajaani\/wp-json\/wp\/v2\/pages"}],"about":[{"href":"https:\/\/vesikattopalvelu.fi\/kajaani\/wp-json\/wp\/v2\/types\/page"}],"author":[{"embeddable":true,"href":"https:\/\/vesikattopalvelu.fi\/kajaani\/wp-json\/wp\/v2\/users\/1"}],"replies":[{"embeddable":true,"href":"https:\/\/vesikattopalvelu.fi\/kajaani\/wp-json\/wp\/v2\/comments?post=2"}],"version-history":[{"count":94,"href":"https:\/\/vesikattopalvelu.fi\/kajaani\/wp-json\/wp\/v2\/pages\/2\/revisions"}],"predecessor-version":[{"id":1189,"href":"https:\/\/vesikattopalvelu.fi\/kajaani\/wp-json\/wp\/v2\/pages\/2\/revisions\/1189"}],"wp:attachment":[{"href":"https:\/\/vesikattopalvelu.fi\/kajaani\/wp-json\/wp\/v2\/media?parent=2"}],"curies":[{"name":"wp","href":"https:\/\/api.w.org\/{rel}","templated":true}]}}