{"id":145,"date":"2018-02-07T15:25:11","date_gmt":"2018-02-07T13:25:11","guid":{"rendered":"https:\/\/vesikattopalvelu.fi\/kajaani\/?page_id=145"},"modified":"2024-09-09T09:53:17","modified_gmt":"2024-09-09T06:53:17","slug":"asennuspalvelut","status":"publish","type":"page","link":"https:\/\/vesikattopalvelu.fi\/kajaani\/palvelut\/asennuspalvelut\/","title":{"rendered":"Asennuspalvelut"},"content":{"rendered":"<h2>Peltity\u00f6t<\/h2>\n<p class=\"ingress\">Katto- ja rakennussaneerausten kokonaisvaltaisen urakoiden hallinnan ja palvelujen joustavuuden takaa oma 2-4 henkil\u00f6n peltisep\u00e4nverstas. Verstas tuottaa kaikkiin omiin kohteisiin, muille rakennusliikkeille sek\u00e4 yksityisasiakkaille runsaan m\u00e4\u00e4r\u00e4n rakennuspeltisep\u00e4n tuotteita mm. piippujen-, hormistojen-, julkisivujen-, reunalistoitusten-, ikkuna-, ovi- ja suojapellityksi\u00e4.<\/p>\n<p>Saneerausrakentamisessa laadukkaan lopputuloksen saamiseksi kohteeseen r\u00e4\u00e4t\u00e4l\u00f6idyt tuotteet ovat v\u00e4ltt\u00e4m\u00e4tt\u00f6m\u00e4t. Tuotteita valmistetaan asiakkaan mitoista tai vaihtoehtoisesti peltisep\u00e4t voivat k\u00e4yd\u00e4 mittaamassa ja asentamassa tuotteet valmiiksi k\u00e4ytt\u00f6kuntoon.<\/p>\n<p><a href=\"https:\/\/vesikattopalvelu.fi\/kajaani\/wp-content\/uploads\/sites\/2\/2024\/09\/toimialojen-yhteisesite-paivitys-04-2024-web.pdf\">Tutustu Vesikattopalvelun esitteeseen t\u00e4\u00e4lt\u00e4!<\/a><\/p>\n","protected":false},"excerpt":{"rendered":"<p>Peltity\u00f6t Katto- ja rakennussaneerausten kokonaisvaltaisen urakoiden hallinnan ja palvelujen joustavuuden takaa oma 2-4 henkil\u00f6n peltisep\u00e4nverstas. Verstas tuottaa kaikkiin omiin kohteisiin, muille rakennusliikkeille sek\u00e4 yksityisasiakkaille runsaan m\u00e4\u00e4r\u00e4n rakennuspeltisep\u00e4n tuotteita mm. piippujen-, hormistojen-, julkisivujen-, reunalistoitusten-, ikkuna-, ovi- ja suojapellityksi\u00e4. Saneerausrakentamisessa laadukkaan lopputuloksen saamiseksi kohteeseen r\u00e4\u00e4t\u00e4l\u00f6idyt tuotteet ovat v\u00e4ltt\u00e4m\u00e4tt\u00f6m\u00e4t. Tuotteita valmistetaan asiakkaan mitoista tai vaihtoehtoisesti peltisep\u00e4t voivat k\u00e4yd\u00e4 [&hellip;]<\/p>\n","protected":false},"author":1,"featured_media":0,"parent":34,"menu_order":6,"comment_status":"closed","ping_status":"closed","template":"","meta":{"_acf_changed":false,"inline_featured_image":false,"footnotes":""},"class_list":["post-145","page","type-page","status-publish","hentry"],"acf":[],"yoast_head":"<!-- This site is optimized with the Yoast SEO plugin v27.4 - https:\/\/yoast.com\/product\/yoast-seo-wordpress\/ -->\n<title>Asennuspalvelut - Vesikattopalvelu Kajaani<\/title>\n<meta name=\"robots\" content=\"index, follow, max-snippet:-1, max-image-preview:large, max-video-preview:-1\" \/>\n<link rel=\"canonical\" href=\"https:\/\/vesikattopalvelu.fi\/kajaani\/palvelut\/asennuspalvelut\/\" \/>\n<meta property=\"og:locale\" content=\"fi_FI\" \/>\n<meta property=\"og:type\" content=\"article\" \/>\n<meta property=\"og:title\" content=\"Asennuspalvelut - Vesikattopalvelu Kajaani\" \/>\n<meta property=\"og:description\" content=\"Peltity\u00f6t Katto- ja rakennussaneerausten kokonaisvaltaisen urakoiden hallinnan ja palvelujen joustavuuden takaa oma 2-4 henkil\u00f6n peltisep\u00e4nverstas. Verstas tuottaa kaikkiin omiin kohteisiin, muille rakennusliikkeille sek\u00e4 yksityisasiakkaille runsaan m\u00e4\u00e4r\u00e4n rakennuspeltisep\u00e4n tuotteita mm. piippujen-, hormistojen-, julkisivujen-, reunalistoitusten-, ikkuna-, ovi- ja suojapellityksi\u00e4. Saneerausrakentamisessa laadukkaan lopputuloksen saamiseksi kohteeseen r\u00e4\u00e4t\u00e4l\u00f6idyt tuotteet ovat v\u00e4ltt\u00e4m\u00e4tt\u00f6m\u00e4t. Tuotteita valmistetaan asiakkaan mitoista tai vaihtoehtoisesti peltisep\u00e4t voivat k\u00e4yd\u00e4 [&hellip;]\" \/>\n<meta property=\"og:url\" content=\"https:\/\/vesikattopalvelu.fi\/kajaani\/palvelut\/asennuspalvelut\/\" \/>\n<meta property=\"og:site_name\" content=\"Vesikattopalvelu Kajaani\" \/>\n<meta property=\"article:modified_time\" content=\"2024-09-09T06:53:17+00:00\" \/>\n<meta property=\"og:image\" content=\"https:\/\/vesikattopalvelu.fi\/kajaani\/wp-content\/uploads\/sites\/2\/2018\/03\/vesikattopalvelu-kajaani-some.jpg\" \/>\n\t<meta property=\"og:image:width\" content=\"1200\" \/>\n\t<meta property=\"og:image:height\" content=\"630\" \/>\n\t<meta property=\"og:image:type\" content=\"image\/jpeg\" \/>\n<meta name=\"twitter:card\" content=\"summary_large_image\" \/>\n<meta name=\"twitter:label1\" content=\"Arvioitu lukuaika\" \/>\n\t<meta name=\"twitter:data1\" content=\"3 minuuttia\" \/>\n<script type=\"application\/ld+json\" class=\"yoast-schema-graph\">{\"@context\":\"https:\\\/\\\/schema.org\",\"@graph\":[{\"@type\":\"WebPage\",\"@id\":\"https:\\\/\\\/vesikattopalvelu.fi\\\/kajaani\\\/palvelut\\\/asennuspalvelut\\\/\",\"url\":\"https:\\\/\\\/vesikattopalvelu.fi\\\/kajaani\\\/palvelut\\\/asennuspalvelut\\\/\",\"name\":\"Asennuspalvelut - Vesikattopalvelu Kajaani\",\"isPartOf\":{\"@id\":\"https:\\\/\\\/vesikattopalvelu.fi\\\/kajaani\\\/#website\"},\"datePublished\":\"2018-02-07T13:25:11+00:00\",\"dateModified\":\"2024-09-09T06:53:17+00:00\",\"breadcrumb\":{\"@id\":\"https:\\\/\\\/vesikattopalvelu.fi\\\/kajaani\\\/palvelut\\\/asennuspalvelut\\\/#breadcrumb\"},\"inLanguage\":\"fi\",\"potentialAction\":[{\"@type\":\"ReadAction\",\"target\":[\"https:\\\/\\\/vesikattopalvelu.fi\\\/kajaani\\\/palvelut\\\/asennuspalvelut\\\/\"]}]},{\"@type\":\"BreadcrumbList\",\"@id\":\"https:\\\/\\\/vesikattopalvelu.fi\\\/kajaani\\\/palvelut\\\/asennuspalvelut\\\/#breadcrumb\",\"itemListElement\":[{\"@type\":\"ListItem\",\"position\":1,\"name\":\"Home\",\"item\":\"https:\\\/\\\/vesikattopalvelu.fi\\\/kajaani\\\/\"},{\"@type\":\"ListItem\",\"position\":2,\"name\":\"Palvelut\",\"item\":\"https:\\\/\\\/vesikattopalvelu.fi\\\/kajaani\\\/palvelut\\\/\"},{\"@type\":\"ListItem\",\"position\":3,\"name\":\"Asennuspalvelut\"}]},{\"@type\":\"WebSite\",\"@id\":\"https:\\\/\\\/vesikattopalvelu.fi\\\/kajaani\\\/#website\",\"url\":\"https:\\\/\\\/vesikattopalvelu.fi\\\/kajaani\\\/\",\"name\":\"Vesikattopalvelu Kajaani\",\"description\":\"\",\"publisher\":{\"@id\":\"https:\\\/\\\/vesikattopalvelu.fi\\\/kajaani\\\/#organization\"},\"potentialAction\":[{\"@type\":\"SearchAction\",\"target\":{\"@type\":\"EntryPoint\",\"urlTemplate\":\"https:\\\/\\\/vesikattopalvelu.fi\\\/kajaani\\\/?s={search_term_string}\"},\"query-input\":{\"@type\":\"PropertyValueSpecification\",\"valueRequired\":true,\"valueName\":\"search_term_string\"}}],\"inLanguage\":\"fi\"},{\"@type\":\"Organization\",\"@id\":\"https:\\\/\\\/vesikattopalvelu.fi\\\/kajaani\\\/#organization\",\"name\":\"Vesikattopalvelu Kajaani\",\"url\":\"https:\\\/\\\/vesikattopalvelu.fi\\\/kajaani\\\/\",\"logo\":{\"@type\":\"ImageObject\",\"inLanguage\":\"fi\",\"@id\":\"https:\\\/\\\/vesikattopalvelu.fi\\\/kajaani\\\/#\\\/schema\\\/logo\\\/image\\\/\",\"url\":\"https:\\\/\\\/vesikattopalvelu.fi\\\/kajaani\\\/wp-content\\\/uploads\\\/sites\\\/2\\\/2018\\\/02\\\/vesikattopalvelu-kajaani-logo.svg\",\"contentUrl\":\"https:\\\/\\\/vesikattopalvelu.fi\\\/kajaani\\\/wp-content\\\/uploads\\\/sites\\\/2\\\/2018\\\/02\\\/vesikattopalvelu-kajaani-logo.svg\",\"width\":1,\"height\":1,\"caption\":\"Vesikattopalvelu Kajaani\"},\"image\":{\"@id\":\"https:\\\/\\\/vesikattopalvelu.fi\\\/kajaani\\\/#\\\/schema\\\/logo\\\/image\\\/\"}}]}<\/script>\n<!-- \/ Yoast SEO plugin. -->","yoast_head_json":{"title":"Asennuspalvelut - Vesikattopalvelu Kajaani","robots":{"index":"index","follow":"follow","max-snippet":"max-snippet:-1","max-image-preview":"max-image-preview:large","max-video-preview":"max-video-preview:-1"},"canonical":"https:\/\/vesikattopalvelu.fi\/kajaani\/palvelut\/asennuspalvelut\/","og_locale":"fi_FI","og_type":"article","og_title":"Asennuspalvelut - Vesikattopalvelu Kajaani","og_description":"Peltity\u00f6t Katto- ja rakennussaneerausten kokonaisvaltaisen urakoiden hallinnan ja palvelujen joustavuuden takaa oma 2-4 henkil\u00f6n peltisep\u00e4nverstas. Verstas tuottaa kaikkiin omiin kohteisiin, muille rakennusliikkeille sek\u00e4 yksityisasiakkaille runsaan m\u00e4\u00e4r\u00e4n rakennuspeltisep\u00e4n tuotteita mm. piippujen-, hormistojen-, julkisivujen-, reunalistoitusten-, ikkuna-, ovi- ja suojapellityksi\u00e4. Saneerausrakentamisessa laadukkaan lopputuloksen saamiseksi kohteeseen r\u00e4\u00e4t\u00e4l\u00f6idyt tuotteet ovat v\u00e4ltt\u00e4m\u00e4tt\u00f6m\u00e4t. Tuotteita valmistetaan asiakkaan mitoista tai vaihtoehtoisesti peltisep\u00e4t voivat k\u00e4yd\u00e4 [&hellip;]","og_url":"https:\/\/vesikattopalvelu.fi\/kajaani\/palvelut\/asennuspalvelut\/","og_site_name":"Vesikattopalvelu Kajaani","article_modified_time":"2024-09-09T06:53:17+00:00","og_image":[{"width":1200,"height":630,"url":"https:\/\/vesikattopalvelu.fi\/kajaani\/wp-content\/uploads\/sites\/2\/2018\/03\/vesikattopalvelu-kajaani-some.jpg","type":"image\/jpeg"}],"twitter_card":"summary_large_image","twitter_misc":{"Arvioitu lukuaika":"3 minuuttia"},"schema":{"@context":"https:\/\/schema.org","@graph":[{"@type":"WebPage","@id":"https:\/\/vesikattopalvelu.fi\/kajaani\/palvelut\/asennuspalvelut\/","url":"https:\/\/vesikattopalvelu.fi\/kajaani\/palvelut\/asennuspalvelut\/","name":"Asennuspalvelut - Vesikattopalvelu Kajaani","isPartOf":{"@id":"https:\/\/vesikattopalvelu.fi\/kajaani\/#website"},"datePublished":"2018-02-07T13:25:11+00:00","dateModified":"2024-09-09T06:53:17+00:00","breadcrumb":{"@id":"https:\/\/vesikattopalvelu.fi\/kajaani\/palvelut\/asennuspalvelut\/#breadcrumb"},"inLanguage":"fi","potentialAction":[{"@type":"ReadAction","target":["https:\/\/vesikattopalvelu.fi\/kajaani\/palvelut\/asennuspalvelut\/"]}]},{"@type":"BreadcrumbList","@id":"https:\/\/vesikattopalvelu.fi\/kajaani\/palvelut\/asennuspalvelut\/#breadcrumb","itemListElement":[{"@type":"ListItem","position":1,"name":"Home","item":"https:\/\/vesikattopalvelu.fi\/kajaani\/"},{"@type":"ListItem","position":2,"name":"Palvelut","item":"https:\/\/vesikattopalvelu.fi\/kajaani\/palvelut\/"},{"@type":"ListItem","position":3,"name":"Asennuspalvelut"}]},{"@type":"WebSite","@id":"https:\/\/vesikattopalvelu.fi\/kajaani\/#website","url":"https:\/\/vesikattopalvelu.fi\/kajaani\/","name":"Vesikattopalvelu Kajaani","description":"","publisher":{"@id":"https:\/\/vesikattopalvelu.fi\/kajaani\/#organization"},"potentialAction":[{"@type":"SearchAction","target":{"@type":"EntryPoint","urlTemplate":"https:\/\/vesikattopalvelu.fi\/kajaani\/?s={search_term_string}"},"query-input":{"@type":"PropertyValueSpecification","valueRequired":true,"valueName":"search_term_string"}}],"inLanguage":"fi"},{"@type":"Organization","@id":"https:\/\/vesikattopalvelu.fi\/kajaani\/#organization","name":"Vesikattopalvelu Kajaani","url":"https:\/\/vesikattopalvelu.fi\/kajaani\/","logo":{"@type":"ImageObject","inLanguage":"fi","@id":"https:\/\/vesikattopalvelu.fi\/kajaani\/#\/schema\/logo\/image\/","url":"https:\/\/vesikattopalvelu.fi\/kajaani\/wp-content\/uploads\/sites\/2\/2018\/02\/vesikattopalvelu-kajaani-logo.svg","contentUrl":"https:\/\/vesikattopalvelu.fi\/kajaani\/wp-content\/uploads\/sites\/2\/2018\/02\/vesikattopalvelu-kajaani-logo.svg","width":1,"height":1,"caption":"Vesikattopalvelu Kajaani"},"image":{"@id":"https:\/\/vesikattopalvelu.fi\/kajaani\/#\/schema\/logo\/image\/"}}]}},"_links":{"self":[{"href":"https:\/\/vesikattopalvelu.fi\/kajaani\/wp-json\/wp\/v2\/pages\/145","targetHints":{"allow":["GET"]}}],"collection":[{"href":"https:\/\/vesikattopalvelu.fi\/kajaani\/wp-json\/wp\/v2\/pages"}],"about":[{"href":"https:\/\/vesikattopalvelu.fi\/kajaani\/wp-json\/wp\/v2\/types\/page"}],"author":[{"embeddable":true,"href":"https:\/\/vesikattopalvelu.fi\/kajaani\/wp-json\/wp\/v2\/users\/1"}],"replies":[{"embeddable":true,"href":"https:\/\/vesikattopalvelu.fi\/kajaani\/wp-json\/wp\/v2\/comments?post=145"}],"version-history":[{"count":11,"href":"https:\/\/vesikattopalvelu.fi\/kajaani\/wp-json\/wp\/v2\/pages\/145\/revisions"}],"predecessor-version":[{"id":1090,"href":"https:\/\/vesikattopalvelu.fi\/kajaani\/wp-json\/wp\/v2\/pages\/145\/revisions\/1090"}],"up":[{"embeddable":true,"href":"https:\/\/vesikattopalvelu.fi\/kajaani\/wp-json\/wp\/v2\/pages\/34"}],"wp:attachment":[{"href":"https:\/\/vesikattopalvelu.fi\/kajaani\/wp-json\/wp\/v2\/media?parent=145"}],"curies":[{"name":"wp","href":"https:\/\/api.w.org\/{rel}","templated":true}]}}