{"id":138,"date":"2018-02-07T15:23:58","date_gmt":"2018-02-07T13:23:58","guid":{"rendered":"https:\/\/vesikattopalvelu.fi\/kajaani\/?page_id=138"},"modified":"2025-04-22T12:36:19","modified_gmt":"2025-04-22T09:36:19","slug":"kattohuolto","status":"publish","type":"page","link":"https:\/\/vesikattopalvelu.fi\/kajaani\/palvelut\/kattohuolto\/","title":{"rendered":"Kattohuolto"},"content":{"rendered":"<p class=\"ingress\">Pitk\u00e4-aikaisen kokemuksemme mukaan mittava osa vesikattojen \u00e4killisist\u00e4 ongelmista johtuu puutteellisista huoltotoimenpiteist\u00e4. L\u00e4pivientien rikkoutuminen, kattokaivojen tukkeutumiset, kiinnityksien l\u00f6ystymiset, v\u00e4\u00e4rin suoritetut lumenpudotusty\u00f6t ja ulkopuoliset esineet voivat aiheuttaa vesikatoille mittavia vaurioita. Vesikatteen ik\u00e4 on kuitenkin suurin yksitt\u00e4inen kuntoon vaikuttava tekij\u00e4.<\/p>\n<p>Kattohuoltopalvelut on luotu ennaltaehk\u00e4isem\u00e4\u00e4n vesikattojen i\u00e4n, luonnon ja ihmisen sille aiheuttamia ongelmia. Huoltopalvelujen ansiosta kiinteist\u00f6si arvo s\u00e4ilyy ja saat huolettomia lis\u00e4vuosia katollesi.<\/p>\n<p>Kaikkiin palvelutuotteisiin on mahdollisuus saada kotitalousv\u00e4hennyst\u00e4. Kysy tarjous myyj\u00e4lt\u00e4mme.<\/p>\n<p><a href=\"https:\/\/vesikattopalvelu.fi\/kajaani\/wp-content\/uploads\/sites\/2\/2024\/09\/toimialojen-yhteisesite-paivitys-04-2024-web.pdf\" target=\"_blank\" rel=\"noopener noreferrer\">Tutustu Vesikattopalvelun esitteeseen t\u00e4\u00e4lt\u00e4!<\/a><\/p>\n","protected":false},"excerpt":{"rendered":"<p>Pitk\u00e4-aikaisen kokemuksemme mukaan mittava osa vesikattojen \u00e4killisist\u00e4 ongelmista johtuu puutteellisista huoltotoimenpiteist\u00e4. L\u00e4pivientien rikkoutuminen, kattokaivojen tukkeutumiset, kiinnityksien l\u00f6ystymiset, v\u00e4\u00e4rin suoritetut lumenpudotusty\u00f6t ja ulkopuoliset esineet voivat aiheuttaa vesikatoille mittavia vaurioita. Vesikatteen ik\u00e4 on kuitenkin suurin yksitt\u00e4inen kuntoon vaikuttava tekij\u00e4. Kattohuoltopalvelut on luotu ennaltaehk\u00e4isem\u00e4\u00e4n vesikattojen i\u00e4n, luonnon ja ihmisen sille aiheuttamia ongelmia. Huoltopalvelujen ansiosta kiinteist\u00f6si arvo s\u00e4ilyy ja [&hellip;]<\/p>\n","protected":false},"author":1,"featured_media":0,"parent":34,"menu_order":3,"comment_status":"closed","ping_status":"closed","template":"","meta":{"_acf_changed":false,"inline_featured_image":false,"footnotes":""},"class_list":["post-138","page","type-page","status-publish","hentry"],"acf":[],"yoast_head":"<!-- This site is optimized with the Yoast SEO plugin v27.5 - https:\/\/yoast.com\/product\/yoast-seo-wordpress\/ -->\n<title>Kattohuolto - Vesikattopalvelu Kajaani<\/title>\n<meta name=\"robots\" content=\"index, follow, max-snippet:-1, max-image-preview:large, max-video-preview:-1\" \/>\n<link rel=\"canonical\" href=\"https:\/\/vesikattopalvelu.fi\/kajaani\/palvelut\/kattohuolto\/\" \/>\n<meta property=\"og:locale\" content=\"fi_FI\" \/>\n<meta property=\"og:type\" content=\"article\" \/>\n<meta property=\"og:title\" content=\"Kattohuolto - Vesikattopalvelu Kajaani\" \/>\n<meta property=\"og:description\" content=\"Pitk\u00e4-aikaisen kokemuksemme mukaan mittava osa vesikattojen \u00e4killisist\u00e4 ongelmista johtuu puutteellisista huoltotoimenpiteist\u00e4. L\u00e4pivientien rikkoutuminen, kattokaivojen tukkeutumiset, kiinnityksien l\u00f6ystymiset, v\u00e4\u00e4rin suoritetut lumenpudotusty\u00f6t ja ulkopuoliset esineet voivat aiheuttaa vesikatoille mittavia vaurioita. Vesikatteen ik\u00e4 on kuitenkin suurin yksitt\u00e4inen kuntoon vaikuttava tekij\u00e4. Kattohuoltopalvelut on luotu ennaltaehk\u00e4isem\u00e4\u00e4n vesikattojen i\u00e4n, luonnon ja ihmisen sille aiheuttamia ongelmia. Huoltopalvelujen ansiosta kiinteist\u00f6si arvo s\u00e4ilyy ja [&hellip;]\" \/>\n<meta property=\"og:url\" content=\"https:\/\/vesikattopalvelu.fi\/kajaani\/palvelut\/kattohuolto\/\" \/>\n<meta property=\"og:site_name\" content=\"Vesikattopalvelu Kajaani\" \/>\n<meta property=\"article:modified_time\" content=\"2025-04-22T09:36:19+00:00\" \/>\n<meta property=\"og:image\" content=\"https:\/\/vesikattopalvelu.fi\/kajaani\/wp-content\/uploads\/sites\/2\/2018\/03\/vesikattopalvelu-kajaani-some.jpg\" \/>\n\t<meta property=\"og:image:width\" content=\"1200\" \/>\n\t<meta property=\"og:image:height\" content=\"630\" \/>\n\t<meta property=\"og:image:type\" content=\"image\/jpeg\" \/>\n<meta name=\"twitter:card\" content=\"summary_large_image\" \/>\n<meta name=\"twitter:label1\" content=\"Arvioitu lukuaika\" \/>\n\t<meta name=\"twitter:data1\" content=\"3 minuuttia\" \/>\n<script type=\"application\/ld+json\" class=\"yoast-schema-graph\">{\"@context\":\"https:\\\/\\\/schema.org\",\"@graph\":[{\"@type\":\"WebPage\",\"@id\":\"https:\\\/\\\/vesikattopalvelu.fi\\\/kajaani\\\/palvelut\\\/kattohuolto\\\/\",\"url\":\"https:\\\/\\\/vesikattopalvelu.fi\\\/kajaani\\\/palvelut\\\/kattohuolto\\\/\",\"name\":\"Kattohuolto - Vesikattopalvelu Kajaani\",\"isPartOf\":{\"@id\":\"https:\\\/\\\/vesikattopalvelu.fi\\\/kajaani\\\/#website\"},\"datePublished\":\"2018-02-07T13:23:58+00:00\",\"dateModified\":\"2025-04-22T09:36:19+00:00\",\"breadcrumb\":{\"@id\":\"https:\\\/\\\/vesikattopalvelu.fi\\\/kajaani\\\/palvelut\\\/kattohuolto\\\/#breadcrumb\"},\"inLanguage\":\"fi\",\"potentialAction\":[{\"@type\":\"ReadAction\",\"target\":[\"https:\\\/\\\/vesikattopalvelu.fi\\\/kajaani\\\/palvelut\\\/kattohuolto\\\/\"]}]},{\"@type\":\"BreadcrumbList\",\"@id\":\"https:\\\/\\\/vesikattopalvelu.fi\\\/kajaani\\\/palvelut\\\/kattohuolto\\\/#breadcrumb\",\"itemListElement\":[{\"@type\":\"ListItem\",\"position\":1,\"name\":\"Home\",\"item\":\"https:\\\/\\\/vesikattopalvelu.fi\\\/kajaani\\\/\"},{\"@type\":\"ListItem\",\"position\":2,\"name\":\"Palvelut\",\"item\":\"https:\\\/\\\/vesikattopalvelu.fi\\\/kajaani\\\/palvelut\\\/\"},{\"@type\":\"ListItem\",\"position\":3,\"name\":\"Kattohuolto\"}]},{\"@type\":\"WebSite\",\"@id\":\"https:\\\/\\\/vesikattopalvelu.fi\\\/kajaani\\\/#website\",\"url\":\"https:\\\/\\\/vesikattopalvelu.fi\\\/kajaani\\\/\",\"name\":\"Vesikattopalvelu Kajaani\",\"description\":\"\",\"publisher\":{\"@id\":\"https:\\\/\\\/vesikattopalvelu.fi\\\/kajaani\\\/#organization\"},\"potentialAction\":[{\"@type\":\"SearchAction\",\"target\":{\"@type\":\"EntryPoint\",\"urlTemplate\":\"https:\\\/\\\/vesikattopalvelu.fi\\\/kajaani\\\/?s={search_term_string}\"},\"query-input\":{\"@type\":\"PropertyValueSpecification\",\"valueRequired\":true,\"valueName\":\"search_term_string\"}}],\"inLanguage\":\"fi\"},{\"@type\":\"Organization\",\"@id\":\"https:\\\/\\\/vesikattopalvelu.fi\\\/kajaani\\\/#organization\",\"name\":\"Vesikattopalvelu Kajaani\",\"url\":\"https:\\\/\\\/vesikattopalvelu.fi\\\/kajaani\\\/\",\"logo\":{\"@type\":\"ImageObject\",\"inLanguage\":\"fi\",\"@id\":\"https:\\\/\\\/vesikattopalvelu.fi\\\/kajaani\\\/#\\\/schema\\\/logo\\\/image\\\/\",\"url\":\"https:\\\/\\\/vesikattopalvelu.fi\\\/kajaani\\\/wp-content\\\/uploads\\\/sites\\\/2\\\/2018\\\/02\\\/vesikattopalvelu-kajaani-logo.svg\",\"contentUrl\":\"https:\\\/\\\/vesikattopalvelu.fi\\\/kajaani\\\/wp-content\\\/uploads\\\/sites\\\/2\\\/2018\\\/02\\\/vesikattopalvelu-kajaani-logo.svg\",\"width\":1,\"height\":1,\"caption\":\"Vesikattopalvelu Kajaani\"},\"image\":{\"@id\":\"https:\\\/\\\/vesikattopalvelu.fi\\\/kajaani\\\/#\\\/schema\\\/logo\\\/image\\\/\"}}]}<\/script>\n<!-- \/ Yoast SEO plugin. -->","yoast_head_json":{"title":"Kattohuolto - Vesikattopalvelu Kajaani","robots":{"index":"index","follow":"follow","max-snippet":"max-snippet:-1","max-image-preview":"max-image-preview:large","max-video-preview":"max-video-preview:-1"},"canonical":"https:\/\/vesikattopalvelu.fi\/kajaani\/palvelut\/kattohuolto\/","og_locale":"fi_FI","og_type":"article","og_title":"Kattohuolto - Vesikattopalvelu Kajaani","og_description":"Pitk\u00e4-aikaisen kokemuksemme mukaan mittava osa vesikattojen \u00e4killisist\u00e4 ongelmista johtuu puutteellisista huoltotoimenpiteist\u00e4. L\u00e4pivientien rikkoutuminen, kattokaivojen tukkeutumiset, kiinnityksien l\u00f6ystymiset, v\u00e4\u00e4rin suoritetut lumenpudotusty\u00f6t ja ulkopuoliset esineet voivat aiheuttaa vesikatoille mittavia vaurioita. Vesikatteen ik\u00e4 on kuitenkin suurin yksitt\u00e4inen kuntoon vaikuttava tekij\u00e4. Kattohuoltopalvelut on luotu ennaltaehk\u00e4isem\u00e4\u00e4n vesikattojen i\u00e4n, luonnon ja ihmisen sille aiheuttamia ongelmia. Huoltopalvelujen ansiosta kiinteist\u00f6si arvo s\u00e4ilyy ja [&hellip;]","og_url":"https:\/\/vesikattopalvelu.fi\/kajaani\/palvelut\/kattohuolto\/","og_site_name":"Vesikattopalvelu Kajaani","article_modified_time":"2025-04-22T09:36:19+00:00","og_image":[{"width":1200,"height":630,"url":"https:\/\/vesikattopalvelu.fi\/kajaani\/wp-content\/uploads\/sites\/2\/2018\/03\/vesikattopalvelu-kajaani-some.jpg","type":"image\/jpeg"}],"twitter_card":"summary_large_image","twitter_misc":{"Arvioitu lukuaika":"3 minuuttia"},"schema":{"@context":"https:\/\/schema.org","@graph":[{"@type":"WebPage","@id":"https:\/\/vesikattopalvelu.fi\/kajaani\/palvelut\/kattohuolto\/","url":"https:\/\/vesikattopalvelu.fi\/kajaani\/palvelut\/kattohuolto\/","name":"Kattohuolto - Vesikattopalvelu Kajaani","isPartOf":{"@id":"https:\/\/vesikattopalvelu.fi\/kajaani\/#website"},"datePublished":"2018-02-07T13:23:58+00:00","dateModified":"2025-04-22T09:36:19+00:00","breadcrumb":{"@id":"https:\/\/vesikattopalvelu.fi\/kajaani\/palvelut\/kattohuolto\/#breadcrumb"},"inLanguage":"fi","potentialAction":[{"@type":"ReadAction","target":["https:\/\/vesikattopalvelu.fi\/kajaani\/palvelut\/kattohuolto\/"]}]},{"@type":"BreadcrumbList","@id":"https:\/\/vesikattopalvelu.fi\/kajaani\/palvelut\/kattohuolto\/#breadcrumb","itemListElement":[{"@type":"ListItem","position":1,"name":"Home","item":"https:\/\/vesikattopalvelu.fi\/kajaani\/"},{"@type":"ListItem","position":2,"name":"Palvelut","item":"https:\/\/vesikattopalvelu.fi\/kajaani\/palvelut\/"},{"@type":"ListItem","position":3,"name":"Kattohuolto"}]},{"@type":"WebSite","@id":"https:\/\/vesikattopalvelu.fi\/kajaani\/#website","url":"https:\/\/vesikattopalvelu.fi\/kajaani\/","name":"Vesikattopalvelu Kajaani","description":"","publisher":{"@id":"https:\/\/vesikattopalvelu.fi\/kajaani\/#organization"},"potentialAction":[{"@type":"SearchAction","target":{"@type":"EntryPoint","urlTemplate":"https:\/\/vesikattopalvelu.fi\/kajaani\/?s={search_term_string}"},"query-input":{"@type":"PropertyValueSpecification","valueRequired":true,"valueName":"search_term_string"}}],"inLanguage":"fi"},{"@type":"Organization","@id":"https:\/\/vesikattopalvelu.fi\/kajaani\/#organization","name":"Vesikattopalvelu Kajaani","url":"https:\/\/vesikattopalvelu.fi\/kajaani\/","logo":{"@type":"ImageObject","inLanguage":"fi","@id":"https:\/\/vesikattopalvelu.fi\/kajaani\/#\/schema\/logo\/image\/","url":"https:\/\/vesikattopalvelu.fi\/kajaani\/wp-content\/uploads\/sites\/2\/2018\/02\/vesikattopalvelu-kajaani-logo.svg","contentUrl":"https:\/\/vesikattopalvelu.fi\/kajaani\/wp-content\/uploads\/sites\/2\/2018\/02\/vesikattopalvelu-kajaani-logo.svg","width":1,"height":1,"caption":"Vesikattopalvelu Kajaani"},"image":{"@id":"https:\/\/vesikattopalvelu.fi\/kajaani\/#\/schema\/logo\/image\/"}}]}},"_links":{"self":[{"href":"https:\/\/vesikattopalvelu.fi\/kajaani\/wp-json\/wp\/v2\/pages\/138","targetHints":{"allow":["GET"]}}],"collection":[{"href":"https:\/\/vesikattopalvelu.fi\/kajaani\/wp-json\/wp\/v2\/pages"}],"about":[{"href":"https:\/\/vesikattopalvelu.fi\/kajaani\/wp-json\/wp\/v2\/types\/page"}],"author":[{"embeddable":true,"href":"https:\/\/vesikattopalvelu.fi\/kajaani\/wp-json\/wp\/v2\/users\/1"}],"replies":[{"embeddable":true,"href":"https:\/\/vesikattopalvelu.fi\/kajaani\/wp-json\/wp\/v2\/comments?post=138"}],"version-history":[{"count":15,"href":"https:\/\/vesikattopalvelu.fi\/kajaani\/wp-json\/wp\/v2\/pages\/138\/revisions"}],"predecessor-version":[{"id":1135,"href":"https:\/\/vesikattopalvelu.fi\/kajaani\/wp-json\/wp\/v2\/pages\/138\/revisions\/1135"}],"up":[{"embeddable":true,"href":"https:\/\/vesikattopalvelu.fi\/kajaani\/wp-json\/wp\/v2\/pages\/34"}],"wp:attachment":[{"href":"https:\/\/vesikattopalvelu.fi\/kajaani\/wp-json\/wp\/v2\/media?parent=138"}],"curies":[{"name":"wp","href":"https:\/\/api.w.org\/{rel}","templated":true}]}}