{"id":134,"date":"2018-02-07T15:23:27","date_gmt":"2018-02-07T13:23:27","guid":{"rendered":"https:\/\/vesikattopalvelu.fi\/kajaani\/?page_id=134"},"modified":"2025-04-02T10:56:53","modified_gmt":"2025-04-02T07:56:53","slug":"kattourakointi","status":"publish","type":"page","link":"https:\/\/vesikattopalvelu.fi\/kajaani\/palvelut\/kattourakointi\/","title":{"rendered":"Kattourakointi"},"content":{"rendered":"<h2>Kattoammattilaiset asialla jo vuodesta 1999<\/h2>\n<div id=\"page\" class=\"site\">\n<div id=\"content\" class=\"site-content\">\n<div id=\"primary\" class=\"content-area\">\n<section>\n<div class=\"wrapper\">\n<article>\n<p class=\"ingress no-margin\">Vesikattopalvelu Kajaani Oy on katto- ja rakennusliike, joka tuottaa laadukkaita rakennusalan palveluita pohjois-suomalaisille. Ammattitaitoinen henkil\u00f6kuntamme pyrkii l\u00f6yt\u00e4m\u00e4\u00e4n jokaisessa projektissa taloudellisesti ja teknisesti parhaan ratkaisun asiakkaan kannalta katsottuna.<\/p>\n<p><a href=\"https:\/\/vesikattopalvelu.fi\/kajaani\/wp-content\/uploads\/sites\/2\/2024\/09\/toimialojen-yhteisesite-paivitys-04-2024-web.pdf\" target=\"_blank\" rel=\"noopener noreferrer\">Tutustu Vesikattopalvelun esitteeseen t\u00e4\u00e4lt\u00e4<\/a><\/p>\n<\/article>\n<\/div>\n<\/section>\n<\/div>\n<\/div>\n<\/div>\n","protected":false},"excerpt":{"rendered":"<p>Kattoammattilaiset asialla jo vuodesta 1999 Vesikattopalvelu Kajaani Oy on katto- ja rakennusliike, joka tuottaa laadukkaita rakennusalan palveluita pohjois-suomalaisille. Ammattitaitoinen henkil\u00f6kuntamme pyrkii l\u00f6yt\u00e4m\u00e4\u00e4n jokaisessa projektissa taloudellisesti ja teknisesti parhaan ratkaisun asiakkaan kannalta katsottuna. Tutustu Vesikattopalvelun esitteeseen t\u00e4\u00e4lt\u00e4<\/p>\n","protected":false},"author":1,"featured_media":0,"parent":34,"menu_order":0,"comment_status":"closed","ping_status":"closed","template":"","meta":{"_acf_changed":false,"inline_featured_image":false,"footnotes":""},"class_list":["post-134","page","type-page","status-publish","hentry"],"acf":[],"yoast_head":"<!-- This site is optimized with the Yoast SEO plugin v27.4 - https:\/\/yoast.com\/product\/yoast-seo-wordpress\/ -->\n<title>Kattourakointi - Vesikattopalvelu Kajaani<\/title>\n<meta name=\"robots\" content=\"index, follow, max-snippet:-1, max-image-preview:large, max-video-preview:-1\" \/>\n<link rel=\"canonical\" href=\"https:\/\/vesikattopalvelu.fi\/kajaani\/palvelut\/kattourakointi\/\" \/>\n<meta property=\"og:locale\" content=\"fi_FI\" \/>\n<meta property=\"og:type\" content=\"article\" \/>\n<meta property=\"og:title\" content=\"Kattourakointi - Vesikattopalvelu Kajaani\" \/>\n<meta property=\"og:description\" content=\"Kattoammattilaiset asialla jo vuodesta 1999 Vesikattopalvelu Kajaani Oy on katto- ja rakennusliike, joka tuottaa laadukkaita rakennusalan palveluita pohjois-suomalaisille. Ammattitaitoinen henkil\u00f6kuntamme pyrkii l\u00f6yt\u00e4m\u00e4\u00e4n jokaisessa projektissa taloudellisesti ja teknisesti parhaan ratkaisun asiakkaan kannalta katsottuna. Tutustu Vesikattopalvelun esitteeseen t\u00e4\u00e4lt\u00e4\" \/>\n<meta property=\"og:url\" content=\"https:\/\/vesikattopalvelu.fi\/kajaani\/palvelut\/kattourakointi\/\" \/>\n<meta property=\"og:site_name\" content=\"Vesikattopalvelu Kajaani\" \/>\n<meta property=\"article:modified_time\" content=\"2025-04-02T07:56:53+00:00\" \/>\n<meta property=\"og:image\" content=\"https:\/\/vesikattopalvelu.fi\/kajaani\/wp-content\/uploads\/sites\/2\/2018\/03\/vesikattopalvelu-kajaani-some.jpg\" \/>\n\t<meta property=\"og:image:width\" content=\"1200\" \/>\n\t<meta property=\"og:image:height\" content=\"630\" \/>\n\t<meta property=\"og:image:type\" content=\"image\/jpeg\" \/>\n<meta name=\"twitter:card\" content=\"summary_large_image\" \/>\n<meta name=\"twitter:label1\" content=\"Arvioitu lukuaika\" \/>\n\t<meta name=\"twitter:data1\" content=\"3 minuuttia\" \/>\n<script type=\"application\/ld+json\" class=\"yoast-schema-graph\">{\"@context\":\"https:\\\/\\\/schema.org\",\"@graph\":[{\"@type\":\"WebPage\",\"@id\":\"https:\\\/\\\/vesikattopalvelu.fi\\\/kajaani\\\/palvelut\\\/kattourakointi\\\/\",\"url\":\"https:\\\/\\\/vesikattopalvelu.fi\\\/kajaani\\\/palvelut\\\/kattourakointi\\\/\",\"name\":\"Kattourakointi - Vesikattopalvelu Kajaani\",\"isPartOf\":{\"@id\":\"https:\\\/\\\/vesikattopalvelu.fi\\\/kajaani\\\/#website\"},\"datePublished\":\"2018-02-07T13:23:27+00:00\",\"dateModified\":\"2025-04-02T07:56:53+00:00\",\"breadcrumb\":{\"@id\":\"https:\\\/\\\/vesikattopalvelu.fi\\\/kajaani\\\/palvelut\\\/kattourakointi\\\/#breadcrumb\"},\"inLanguage\":\"fi\",\"potentialAction\":[{\"@type\":\"ReadAction\",\"target\":[\"https:\\\/\\\/vesikattopalvelu.fi\\\/kajaani\\\/palvelut\\\/kattourakointi\\\/\"]}]},{\"@type\":\"BreadcrumbList\",\"@id\":\"https:\\\/\\\/vesikattopalvelu.fi\\\/kajaani\\\/palvelut\\\/kattourakointi\\\/#breadcrumb\",\"itemListElement\":[{\"@type\":\"ListItem\",\"position\":1,\"name\":\"Home\",\"item\":\"https:\\\/\\\/vesikattopalvelu.fi\\\/kajaani\\\/\"},{\"@type\":\"ListItem\",\"position\":2,\"name\":\"Palvelut\",\"item\":\"https:\\\/\\\/vesikattopalvelu.fi\\\/kajaani\\\/palvelut\\\/\"},{\"@type\":\"ListItem\",\"position\":3,\"name\":\"Kattourakointi\"}]},{\"@type\":\"WebSite\",\"@id\":\"https:\\\/\\\/vesikattopalvelu.fi\\\/kajaani\\\/#website\",\"url\":\"https:\\\/\\\/vesikattopalvelu.fi\\\/kajaani\\\/\",\"name\":\"Vesikattopalvelu Kajaani\",\"description\":\"\",\"publisher\":{\"@id\":\"https:\\\/\\\/vesikattopalvelu.fi\\\/kajaani\\\/#organization\"},\"potentialAction\":[{\"@type\":\"SearchAction\",\"target\":{\"@type\":\"EntryPoint\",\"urlTemplate\":\"https:\\\/\\\/vesikattopalvelu.fi\\\/kajaani\\\/?s={search_term_string}\"},\"query-input\":{\"@type\":\"PropertyValueSpecification\",\"valueRequired\":true,\"valueName\":\"search_term_string\"}}],\"inLanguage\":\"fi\"},{\"@type\":\"Organization\",\"@id\":\"https:\\\/\\\/vesikattopalvelu.fi\\\/kajaani\\\/#organization\",\"name\":\"Vesikattopalvelu Kajaani\",\"url\":\"https:\\\/\\\/vesikattopalvelu.fi\\\/kajaani\\\/\",\"logo\":{\"@type\":\"ImageObject\",\"inLanguage\":\"fi\",\"@id\":\"https:\\\/\\\/vesikattopalvelu.fi\\\/kajaani\\\/#\\\/schema\\\/logo\\\/image\\\/\",\"url\":\"https:\\\/\\\/vesikattopalvelu.fi\\\/kajaani\\\/wp-content\\\/uploads\\\/sites\\\/2\\\/2018\\\/02\\\/vesikattopalvelu-kajaani-logo.svg\",\"contentUrl\":\"https:\\\/\\\/vesikattopalvelu.fi\\\/kajaani\\\/wp-content\\\/uploads\\\/sites\\\/2\\\/2018\\\/02\\\/vesikattopalvelu-kajaani-logo.svg\",\"width\":1,\"height\":1,\"caption\":\"Vesikattopalvelu Kajaani\"},\"image\":{\"@id\":\"https:\\\/\\\/vesikattopalvelu.fi\\\/kajaani\\\/#\\\/schema\\\/logo\\\/image\\\/\"}}]}<\/script>\n<!-- \/ Yoast SEO plugin. -->","yoast_head_json":{"title":"Kattourakointi - Vesikattopalvelu Kajaani","robots":{"index":"index","follow":"follow","max-snippet":"max-snippet:-1","max-image-preview":"max-image-preview:large","max-video-preview":"max-video-preview:-1"},"canonical":"https:\/\/vesikattopalvelu.fi\/kajaani\/palvelut\/kattourakointi\/","og_locale":"fi_FI","og_type":"article","og_title":"Kattourakointi - Vesikattopalvelu Kajaani","og_description":"Kattoammattilaiset asialla jo vuodesta 1999 Vesikattopalvelu Kajaani Oy on katto- ja rakennusliike, joka tuottaa laadukkaita rakennusalan palveluita pohjois-suomalaisille. Ammattitaitoinen henkil\u00f6kuntamme pyrkii l\u00f6yt\u00e4m\u00e4\u00e4n jokaisessa projektissa taloudellisesti ja teknisesti parhaan ratkaisun asiakkaan kannalta katsottuna. Tutustu Vesikattopalvelun esitteeseen t\u00e4\u00e4lt\u00e4","og_url":"https:\/\/vesikattopalvelu.fi\/kajaani\/palvelut\/kattourakointi\/","og_site_name":"Vesikattopalvelu Kajaani","article_modified_time":"2025-04-02T07:56:53+00:00","og_image":[{"width":1200,"height":630,"url":"https:\/\/vesikattopalvelu.fi\/kajaani\/wp-content\/uploads\/sites\/2\/2018\/03\/vesikattopalvelu-kajaani-some.jpg","type":"image\/jpeg"}],"twitter_card":"summary_large_image","twitter_misc":{"Arvioitu lukuaika":"3 minuuttia"},"schema":{"@context":"https:\/\/schema.org","@graph":[{"@type":"WebPage","@id":"https:\/\/vesikattopalvelu.fi\/kajaani\/palvelut\/kattourakointi\/","url":"https:\/\/vesikattopalvelu.fi\/kajaani\/palvelut\/kattourakointi\/","name":"Kattourakointi - Vesikattopalvelu Kajaani","isPartOf":{"@id":"https:\/\/vesikattopalvelu.fi\/kajaani\/#website"},"datePublished":"2018-02-07T13:23:27+00:00","dateModified":"2025-04-02T07:56:53+00:00","breadcrumb":{"@id":"https:\/\/vesikattopalvelu.fi\/kajaani\/palvelut\/kattourakointi\/#breadcrumb"},"inLanguage":"fi","potentialAction":[{"@type":"ReadAction","target":["https:\/\/vesikattopalvelu.fi\/kajaani\/palvelut\/kattourakointi\/"]}]},{"@type":"BreadcrumbList","@id":"https:\/\/vesikattopalvelu.fi\/kajaani\/palvelut\/kattourakointi\/#breadcrumb","itemListElement":[{"@type":"ListItem","position":1,"name":"Home","item":"https:\/\/vesikattopalvelu.fi\/kajaani\/"},{"@type":"ListItem","position":2,"name":"Palvelut","item":"https:\/\/vesikattopalvelu.fi\/kajaani\/palvelut\/"},{"@type":"ListItem","position":3,"name":"Kattourakointi"}]},{"@type":"WebSite","@id":"https:\/\/vesikattopalvelu.fi\/kajaani\/#website","url":"https:\/\/vesikattopalvelu.fi\/kajaani\/","name":"Vesikattopalvelu Kajaani","description":"","publisher":{"@id":"https:\/\/vesikattopalvelu.fi\/kajaani\/#organization"},"potentialAction":[{"@type":"SearchAction","target":{"@type":"EntryPoint","urlTemplate":"https:\/\/vesikattopalvelu.fi\/kajaani\/?s={search_term_string}"},"query-input":{"@type":"PropertyValueSpecification","valueRequired":true,"valueName":"search_term_string"}}],"inLanguage":"fi"},{"@type":"Organization","@id":"https:\/\/vesikattopalvelu.fi\/kajaani\/#organization","name":"Vesikattopalvelu Kajaani","url":"https:\/\/vesikattopalvelu.fi\/kajaani\/","logo":{"@type":"ImageObject","inLanguage":"fi","@id":"https:\/\/vesikattopalvelu.fi\/kajaani\/#\/schema\/logo\/image\/","url":"https:\/\/vesikattopalvelu.fi\/kajaani\/wp-content\/uploads\/sites\/2\/2018\/02\/vesikattopalvelu-kajaani-logo.svg","contentUrl":"https:\/\/vesikattopalvelu.fi\/kajaani\/wp-content\/uploads\/sites\/2\/2018\/02\/vesikattopalvelu-kajaani-logo.svg","width":1,"height":1,"caption":"Vesikattopalvelu Kajaani"},"image":{"@id":"https:\/\/vesikattopalvelu.fi\/kajaani\/#\/schema\/logo\/image\/"}}]}},"_links":{"self":[{"href":"https:\/\/vesikattopalvelu.fi\/kajaani\/wp-json\/wp\/v2\/pages\/134","targetHints":{"allow":["GET"]}}],"collection":[{"href":"https:\/\/vesikattopalvelu.fi\/kajaani\/wp-json\/wp\/v2\/pages"}],"about":[{"href":"https:\/\/vesikattopalvelu.fi\/kajaani\/wp-json\/wp\/v2\/types\/page"}],"author":[{"embeddable":true,"href":"https:\/\/vesikattopalvelu.fi\/kajaani\/wp-json\/wp\/v2\/users\/1"}],"replies":[{"embeddable":true,"href":"https:\/\/vesikattopalvelu.fi\/kajaani\/wp-json\/wp\/v2\/comments?post=134"}],"version-history":[{"count":44,"href":"https:\/\/vesikattopalvelu.fi\/kajaani\/wp-json\/wp\/v2\/pages\/134\/revisions"}],"predecessor-version":[{"id":1131,"href":"https:\/\/vesikattopalvelu.fi\/kajaani\/wp-json\/wp\/v2\/pages\/134\/revisions\/1131"}],"up":[{"embeddable":true,"href":"https:\/\/vesikattopalvelu.fi\/kajaani\/wp-json\/wp\/v2\/pages\/34"}],"wp:attachment":[{"href":"https:\/\/vesikattopalvelu.fi\/kajaani\/wp-json\/wp\/v2\/media?parent=134"}],"curies":[{"name":"wp","href":"https:\/\/api.w.org\/{rel}","templated":true}]}}